{"id":7,"date":"2025-03-05T12:38:22","date_gmt":"2025-03-05T11:38:22","guid":{"rendered":"https:\/\/gesa-schwartz.de\/mystaging01\/home\/"},"modified":"2025-04-17T07:19:13","modified_gmt":"2025-04-17T06:19:13","slug":"home","status":"publish","type":"page","link":"https:\/\/gesa-schwartz.de\/mystaging01\/","title":{"rendered":"Home"},"content":{"rendered":"\t\t<div data-elementor-type=\"wp-page\" data-elementor-id=\"7\" class=\"elementor elementor-7\" data-elementor-post-type=\"page\">\n\t\t\t\t<div class=\"elementor-element elementor-element-6e87cff e-flex e-con-boxed e-con e-parent\" data-id=\"6e87cff\" data-element_type=\"container\" data-e-type=\"container\" data-settings=\"{&quot;background_background&quot;:&quot;classic&quot;}\">\n\t\t\t\t\t<div class=\"e-con-inner\">\n\t\t<div class=\"elementor-element elementor-element-51d986a e-con-full e-flex e-con e-child\" data-id=\"51d986a\" data-element_type=\"container\" data-e-type=\"container\" data-settings=\"{&quot;background_background&quot;:&quot;classic&quot;}\">\n\t\t\t\t<\/div>\n\t\t\t\t\t<\/div>\n\t\t\t\t<\/div>\n\t\t<div class=\"elementor-element elementor-element-3c1ef44 e-flex e-con-boxed e-con e-parent\" data-id=\"3c1ef44\" data-element_type=\"container\" data-e-type=\"container\" data-settings=\"{&quot;background_background&quot;:&quot;classic&quot;}\">\n\t\t\t\t\t<div class=\"e-con-inner\">\n\t\t\t\t<div class=\"elementor-element elementor-element-cea76bf elementor-widget-divider--view-line_icon elementor-view-default elementor-widget-divider--element-align-center elementor-widget elementor-widget-divider\" data-id=\"cea76bf\" data-element_type=\"widget\" data-e-type=\"widget\" data-widget_type=\"divider.default\">\n\t\t\t\t<div class=\"elementor-widget-container\">\n\t\t\t\t\t\t\t<div class=\"elementor-divider\">\n\t\t\t<span class=\"elementor-divider-separator\">\n\t\t\t\t\t\t\t<div class=\"elementor-icon elementor-divider__element\">\n\t\t\t\t\t<svg aria-hidden=\"true\" class=\"e-font-icon-svg e-fas-dragon\" viewBox=\"0 0 640 512\" xmlns=\"http:\/\/www.w3.org\/2000\/svg\"><path d=\"M18.32 255.78L192 223.96l-91.28 68.69c-10.08 10.08-2.94 27.31 11.31 27.31h222.7c-9.44-26.4-14.73-54.47-14.73-83.38v-42.27l-119.73-87.6c-23.82-15.88-55.29-14.01-77.06 4.59L5.81 227.64c-12.38 10.33-3.45 30.42 12.51 28.14zm556.87 34.1l-100.66-50.31A47.992 47.992 0 0 1 448 196.65v-36.69h64l28.09 22.63c6 6 14.14 9.37 22.63 9.37h30.97a32 32 0 0 0 28.62-17.69l14.31-28.62a32.005 32.005 0 0 0-3.02-33.51l-74.53-99.38C553.02 4.7 543.54 0 533.47 0H296.02c-7.13 0-10.7 8.57-5.66 13.61L352 63.96 292.42 88.8c-5.9 2.95-5.9 11.36 0 14.31L352 127.96v108.62c0 72.08 36.03 139.39 96 179.38-195.59 6.81-344.56 41.01-434.1 60.91C5.78 478.67 0 485.88 0 494.2 0 504 7.95 512 17.76 512h499.08c63.29.01 119.61-47.56 122.99-110.76 2.52-47.28-22.73-90.4-64.64-111.36zM489.18 66.25l45.65 11.41c-2.75 10.91-12.47 18.89-24.13 18.26-12.96-.71-25.85-12.53-21.52-29.67z\"><\/path><\/svg><\/div>\n\t\t\t\t\t\t<\/span>\n\t\t<\/div>\n\t\t\t\t\t\t<\/div>\n\t\t\t\t<\/div>\n\t\t\t\t\t<\/div>\n\t\t\t\t<\/div>\n\t\t<div class=\"elementor-element elementor-element-df8d1be e-flex e-con-boxed e-con e-parent\" data-id=\"df8d1be\" data-element_type=\"container\" data-e-type=\"container\" data-settings=\"{&quot;background_background&quot;:&quot;classic&quot;}\">\n\t\t\t\t\t<div class=\"e-con-inner\">\n\t\t<div class=\"elementor-element elementor-element-f290124 e-con-full e-flex e-con e-child\" data-id=\"f290124\" data-element_type=\"container\" data-e-type=\"container\" data-settings=\"{&quot;background_background&quot;:&quot;classic&quot;}\">\n\t\t<div class=\"elementor-element elementor-element-f78b9bb e-con-full e-flex e-con e-child\" data-id=\"f78b9bb\" data-element_type=\"container\" data-e-type=\"container\" data-settings=\"{&quot;background_background&quot;:&quot;classic&quot;}\">\n\t\t<div class=\"elementor-element elementor-element-0c21da1 e-con-full e-flex e-con e-child\" data-id=\"0c21da1\" data-element_type=\"container\" data-e-type=\"container\" data-settings=\"{&quot;background_background&quot;:&quot;classic&quot;}\">\n\t\t\t\t<div class=\"elementor-element elementor-element-b0b48e9 elementor-widget elementor-widget-image\" data-id=\"b0b48e9\" data-element_type=\"widget\" data-e-type=\"widget\" data-widget_type=\"image.default\">\n\t\t\t\t<div class=\"elementor-widget-container\">\n\t\t\t\t\t\t\t\t\t\t\t\t\t\t\t<img fetchpriority=\"high\" decoding=\"async\" width=\"1152\" height=\"1536\" src=\"https:\/\/gesa-schwartz.de\/mystaging01\/wp-content\/uploads\/2024\/04\/portrait-scaled.jpg\" class=\"attachment-full size-full wp-image-7853\" alt=\"\" srcset=\"https:\/\/gesa-schwartz.de\/mystaging01\/wp-content\/uploads\/2024\/04\/portrait-scaled.jpg 1152w, https:\/\/gesa-schwartz.de\/mystaging01\/wp-content\/uploads\/2024\/04\/portrait-225x300.jpg 225w, https:\/\/gesa-schwartz.de\/mystaging01\/wp-content\/uploads\/2024\/04\/portrait-768x1024.jpg 768w\" sizes=\"(max-width: 1152px) 100vw, 1152px\" \/>\t\t\t\t\t\t\t\t\t\t\t\t\t\t\t<\/div>\n\t\t\t\t<\/div>\n\t\t\t\t<\/div>\n\t\t<div class=\"elementor-element elementor-element-a534403 e-con-full e-flex elementor-invisible e-con e-child\" data-id=\"a534403\" data-element_type=\"container\" data-e-type=\"container\" data-settings=\"{&quot;background_background&quot;:&quot;classic&quot;,&quot;animation&quot;:&quot;fadeInRight&quot;}\">\n\t\t\t\t<div class=\"elementor-element elementor-element-f5779fe elementor-widget elementor-widget-heading\" data-id=\"f5779fe\" data-element_type=\"widget\" data-e-type=\"widget\" data-widget_type=\"heading.default\">\n\t\t\t\t<div class=\"elementor-widget-container\">\n\t\t\t\t\t<h2 class=\"elementor-heading-title elementor-size-default\">Willkommen in meiner Welt der Geschichten.<\/h2>\t\t\t\t<\/div>\n\t\t\t\t<\/div>\n\t\t\t\t<div class=\"elementor-element elementor-element-5170060 elementor-widget elementor-widget-text-editor\" data-id=\"5170060\" data-element_type=\"widget\" data-e-type=\"widget\" data-widget_type=\"text-editor.default\">\n\t\t\t\t<div class=\"elementor-widget-container\">\n\t\t\t\t\t\t\t\t\t<p>Ich glaube an Magie, die nach tanzendem Schnee riecht, bevorzugt zwischen Buchseiten lebt und uns von dort an Orte f\u00fchrt, die nur mit dem Herzen zu finden sind.<br \/>Wer ich bin? Eine Geschichtenerz\u00e4hlerin, Drachenfl\u00fcsterin und Zirkusreisende \u2013 ein Mosaik, das sich aus all meinen Figuren zusammensetzt.<u><\/u><u><\/u><\/p><p>Neugierig geworden?<br \/>Dann folge mir hinter den Vorhang und entdecke, wer sich hinter den B\u00fcchern verbirgt.<\/p>\t\t\t\t\t\t\t\t<\/div>\n\t\t\t\t<\/div>\n\t\t\t\t<div class=\"elementor-element elementor-element-41425d4 elementor-widget elementor-widget-button\" data-id=\"41425d4\" data-element_type=\"widget\" data-e-type=\"widget\" data-widget_type=\"button.default\">\n\t\t\t\t<div class=\"elementor-widget-container\">\n\t\t\t\t\t\t\t\t\t<div class=\"elementor-button-wrapper\">\n\t\t\t\t\t<a class=\"elementor-button elementor-button-link elementor-size-sm elementor-animation-grow\" href=\"\/mystaging01\/about\" id=\"\u00dcber Gesa\">\n\t\t\t\t\t\t<span class=\"elementor-button-content-wrapper\">\n\t\t\t\t\t\t\t\t\t<span class=\"elementor-button-text\"> \u00dcber mich<\/span>\n\t\t\t\t\t<\/span>\n\t\t\t\t\t<\/a>\n\t\t\t\t<\/div>\n\t\t\t\t\t\t\t\t<\/div>\n\t\t\t\t<\/div>\n\t\t\t\t<\/div>\n\t\t\t\t<\/div>\n\t\t\t\t<\/div>\n\t\t\t\t\t<\/div>\n\t\t\t\t<\/div>\n\t\t<div class=\"elementor-element elementor-element-3396560 e-flex e-con-boxed e-con e-parent\" data-id=\"3396560\" data-element_type=\"container\" data-e-type=\"container\" data-settings=\"{&quot;background_background&quot;:&quot;classic&quot;}\">\n\t\t\t\t\t<div class=\"e-con-inner\">\n\t\t\t\t<div class=\"elementor-element elementor-element-bc8805f elementor-widget-divider--view-line_icon elementor-view-default elementor-widget-divider--element-align-center elementor-widget elementor-widget-divider\" data-id=\"bc8805f\" data-element_type=\"widget\" data-e-type=\"widget\" data-widget_type=\"divider.default\">\n\t\t\t\t<div class=\"elementor-widget-container\">\n\t\t\t\t\t\t\t<div class=\"elementor-divider\">\n\t\t\t<span class=\"elementor-divider-separator\">\n\t\t\t\t\t\t\t<div class=\"elementor-icon elementor-divider__element\">\n\t\t\t\t\t<svg aria-hidden=\"true\" class=\"e-font-icon-svg e-fas-dragon\" viewBox=\"0 0 640 512\" xmlns=\"http:\/\/www.w3.org\/2000\/svg\"><path d=\"M18.32 255.78L192 223.96l-91.28 68.69c-10.08 10.08-2.94 27.31 11.31 27.31h222.7c-9.44-26.4-14.73-54.47-14.73-83.38v-42.27l-119.73-87.6c-23.82-15.88-55.29-14.01-77.06 4.59L5.81 227.64c-12.38 10.33-3.45 30.42 12.51 28.14zm556.87 34.1l-100.66-50.31A47.992 47.992 0 0 1 448 196.65v-36.69h64l28.09 22.63c6 6 14.14 9.37 22.63 9.37h30.97a32 32 0 0 0 28.62-17.69l14.31-28.62a32.005 32.005 0 0 0-3.02-33.51l-74.53-99.38C553.02 4.7 543.54 0 533.47 0H296.02c-7.13 0-10.7 8.57-5.66 13.61L352 63.96 292.42 88.8c-5.9 2.95-5.9 11.36 0 14.31L352 127.96v108.62c0 72.08 36.03 139.39 96 179.38-195.59 6.81-344.56 41.01-434.1 60.91C5.78 478.67 0 485.88 0 494.2 0 504 7.95 512 17.76 512h499.08c63.29.01 119.61-47.56 122.99-110.76 2.52-47.28-22.73-90.4-64.64-111.36zM489.18 66.25l45.65 11.41c-2.75 10.91-12.47 18.89-24.13 18.26-12.96-.71-25.85-12.53-21.52-29.67z\"><\/path><\/svg><\/div>\n\t\t\t\t\t\t<\/span>\n\t\t<\/div>\n\t\t\t\t\t\t<\/div>\n\t\t\t\t<\/div>\n\t\t\t\t\t<\/div>\n\t\t\t\t<\/div>\n\t\t\t\t<\/div>\n\t\t","protected":false},"excerpt":{"rendered":"<p>Willkommen in meiner Welt der Geschichten. Ich glaube an Magie, die nach tanzendem Schnee riecht, bevorzugt zwischen Buchseiten lebt und uns von dort an Orte f\u00fchrt, die nur mit dem Herzen zu finden sind.Wer ich bin? Eine Geschichtenerz\u00e4hlerin, Drachenfl\u00fcsterin und Zirkusreisende \u2013 ein Mosaik, das sich aus all meinen Figuren zusammensetzt. Neugierig geworden?Dann folge mir [&hellip;]<\/p>\n","protected":false},"author":2,"featured_media":0,"parent":0,"menu_order":0,"comment_status":"closed","ping_status":"closed","template":"","meta":{"_acf_changed":false,"site-sidebar-layout":"no-sidebar","site-content-layout":"page-builder","ast-site-content-layout":"full-width-container","site-content-style":"unboxed","site-sidebar-style":"unboxed","ast-global-header-display":"","ast-banner-title-visibility":"","ast-main-header-display":"","ast-hfb-above-header-display":"","ast-hfb-below-header-display":"","ast-hfb-mobile-header-display":"","site-post-title":"disabled","ast-breadcrumbs-content":"disabled","ast-featured-img":"disabled","footer-sml-layout":"","theme-transparent-header-meta":"enabled","adv-header-id-meta":"","stick-header-meta":"","header-above-stick-meta":"","header-main-stick-meta":"","header-below-stick-meta":"","astra-migrate-meta-layouts":"set","ast-page-background-enabled":"default","ast-page-background-meta":{"desktop":{"background-color":"","background-image":"","background-repeat":"repeat","background-position":"center center","background-size":"auto","background-attachment":"scroll","background-type":"","background-media":"","overlay-type":"","overlay-color":"","overlay-opacity":"","overlay-gradient":""},"tablet":{"background-color":"","background-image":"","background-repeat":"repeat","background-position":"center center","background-size":"auto","background-attachment":"scroll","background-type":"","background-media":"","overlay-type":"","overlay-color":"","overlay-opacity":"","overlay-gradient":""},"mobile":{"background-color":"","background-image":"","background-repeat":"repeat","background-position":"center center","background-size":"auto","background-attachment":"scroll","background-type":"","background-media":"","overlay-type":"","overlay-color":"","overlay-opacity":"","overlay-gradient":""}},"ast-content-background-meta":{"desktop":{"background-color":"var(--ast-global-color-5)","background-image":"","background-repeat":"repeat","background-position":"center center","background-size":"auto","background-attachment":"scroll","background-type":"","background-media":"","overlay-type":"","overlay-color":"","overlay-opacity":"","overlay-gradient":""},"tablet":{"background-color":"var(--ast-global-color-5)","background-image":"","background-repeat":"repeat","background-position":"center center","background-size":"auto","background-attachment":"scroll","background-type":"","background-media":"","overlay-type":"","overlay-color":"","overlay-opacity":"","overlay-gradient":""},"mobile":{"background-color":"var(--ast-global-color-5)","background-image":"","background-repeat":"repeat","background-position":"center center","background-size":"auto","background-attachment":"scroll","background-type":"","background-media":"","overlay-type":"","overlay-color":"","overlay-opacity":"","overlay-gradient":""}},"footnotes":""},"class_list":["post-7","page","type-page","status-publish","hentry"],"acf":[],"_links":{"self":[{"href":"https:\/\/gesa-schwartz.de\/mystaging01\/wp-json\/wp\/v2\/pages\/7","targetHints":{"allow":["GET"]}}],"collection":[{"href":"https:\/\/gesa-schwartz.de\/mystaging01\/wp-json\/wp\/v2\/pages"}],"about":[{"href":"https:\/\/gesa-schwartz.de\/mystaging01\/wp-json\/wp\/v2\/types\/page"}],"author":[{"embeddable":true,"href":"https:\/\/gesa-schwartz.de\/mystaging01\/wp-json\/wp\/v2\/users\/2"}],"replies":[{"embeddable":true,"href":"https:\/\/gesa-schwartz.de\/mystaging01\/wp-json\/wp\/v2\/comments?post=7"}],"version-history":[{"count":0,"href":"https:\/\/gesa-schwartz.de\/mystaging01\/wp-json\/wp\/v2\/pages\/7\/revisions"}],"wp:attachment":[{"href":"https:\/\/gesa-schwartz.de\/mystaging01\/wp-json\/wp\/v2\/media?parent=7"}],"curies":[{"name":"wp","href":"https:\/\/api.w.org\/{rel}","templated":true}]}}